{"id":1046,"date":"2020-11-23T05:41:27","date_gmt":"2020-11-23T05:41:27","guid":{"rendered":"http:\/\/k47gkahgiu.preview.infomaniak.website\/home-2\/"},"modified":"2025-10-07T14:31:28","modified_gmt":"2025-10-07T14:31:28","slug":"home-2","status":"publish","type":"page","link":"https:\/\/www.no1sports.com\/fr\/","title":{"rendered":"Accueil"},"content":{"rendered":"\n<section class=\"banner\">\n    <div class=\"banner_in\">\n        <figure class=\"banner_img\">\n            <!-- <img decoding=\"async\" src=\"https:\/\/www.no1sports.com\/wp-content\/themes\/no%201\/assets\/images\/banner.jpg\" class=\"img-responsive\" alt=\"banner\"> -->\n            <img decoding=\"async\" src=\"https:\/\/www.no1sports.com\/wp-content\/uploads\/2020\/11\/banner.jpg\" class=\"img-responsive\" alt=\"banner right home page\">\n            <a href=\"https:\/\/www.no1sports.com\/fr\/location-materiel\/#megasin_iframe\" class=\"btnAll bannerBtn\">\n                R\u00e9servez votre \u00e9quipement de ski                <!-- RENT YOUR SKI EQUIPMENT -->\n            <\/a>\n        <\/figure>\n        <div class=\"banner_holder\">\n            <div class=\"container-fluid\">\n                <div class=\"banner_left\">\n                <figure>\n                    <!-- <img decoding=\"async\" src=\"https:\/\/www.no1sports.com\/wp-content\/themes\/no%201\/assets\/images\/banner_left_img.jpg\" alt=\"ice-img\"> -->\n                    <img decoding=\"async\" src=\"https:\/\/www.no1sports.com\/wp-content\/uploads\/2020\/11\/banner_left_img.jpg\" alt=\"\">\n                <\/figure>\n                <div class=\"banner_details\">\n                    <h1>\n                        <!-- Ride with <span>N\u00b01<\/span> in Verbier -->\n                        Le ski \u00e0 Verbier avec No1                     <\/h1>\n                    <p>\n                    <!-- The N\u00b01 store in Verbier for quality of service, range of industry leading skis, and proximity from the main lifts -->\n                    Le magasin de sport et de location de skis No1 \u00e0 Verbier pour la qualit\u00e9 du service, la vari\u00e9t\u00e9 du mat\u00e9riel et sa situation au pied des pistes                    <\/p>\n                <\/div>\n                <\/div>\n            <\/div>\n        <\/div>\n    <\/div>\n<\/section>\n\n\n\n\n\n<section class=\"best_rental_section\">\n    <div class=\"container-fluid flexStart\">\n        <div class=\"best_rental_images\">\n            <figure class=\"first_img\">\n                <img decoding=\"async\" src=\"https:\/\/www.no1sports.com\/wp-content\/uploads\/2024\/12\/TERO_REPO-5907.jpg\" alt=\"\">\n            <\/figure>\n            <figure class=\"last_img\">\n                <img decoding=\"async\" src=\"https:\/\/www.no1sports.com\/wp-content\/uploads\/2024\/12\/TERO_REPO-5903.jpg\" alt=\"\">\n            <\/figure>\n        <\/div>\n        <div class=\"best_rental_content\">\n            <div class=\"best_rental_text\">\n                <h2>La location pro, rapide et efficace \u00e0 Verbier, \u00e0 quelques m\u00e8tres des remont\u00e9es m\u00e9caniques<\/h2>\n                <p><p>La station de ski de Verbier fait partie des 4 Vall\u00e9es, l\u2019un des meilleurs domaines skiables au monde pour le ski freeride, le ski alpin, le ski de randonn\u00e9e et le snowboard. <\/p>\r\n<p>Pr\u00eats \u00e0 profiter au maximum de chaque pente et de chaque moment de glisse\u00a0? Notre \u00e9quipe polyglotte vous conseille pour louer le mat\u00e9riel de sport d\u2019hiver le mieux adapt\u00e9 \u00e0 votre niveau, vos envies et votre budget. Si vous n\u2019\u00eates pas satisfaits, vous pouvez \u00e0 tout moment changer d\u2019\u00e9quipement gratuitement.<\/p><\/p>\n                <div class=\"btn_block\">\n                <a href=\"https:\/\/www.no1sports.com\/fr\/location-materiel\/#megasin_iframe\" class=\"btnAll\">\n                R\u00e9servez votre \u00e9quipement de ski                <\/a>\n                <\/div>\n            <\/div>\n            <figure class=\"banner_bottom_image\">\n                <img decoding=\"async\" src=\"https:\/\/www.no1sports.com\/wp-content\/uploads\/2020\/11\/best_rental_img.jpg\" alt=\"benner\">\n            <\/figure>\n        <\/div>\n    <\/div>\n<\/section>\n\n<section class=\"playground_section\">\n    <div class=\"container-fluid\">\n        <div class=\"playground_content\">\n            <h2>Notre magasin est votre royaume, d\u00e9couvrez ses tr\u00e9sors<\/h2>\n            <p>Nous avons choisi avec beaucoup de soin les marques et le mat\u00e9riel pour votre saison de ski 2025-2026. Plusieurs nouveaut\u00e9s sont entr\u00e9es en magasin comme les skis Faction, la gamme de v\u00eatements FW, ou encore les tours de cou Buff avec filtre pour skier en toute s\u00e9curit\u00e9. Une exp\u00e9rience shopping \u00e0 ne pas manquer \u00e0 Verbier\u00a0! Laissez-vous \u00e9galement tenter par les derni\u00e8res tendances de notre shop in shop Norrona.<\/p>\n            <div class=\"btn_block\">\n                <a href=\"https:\/\/www.no1sports.com\/fr\/magasin\/\" class=\"btnAll\">D\u00e9couvrir notre magasin<\/a>\n            <\/div>\n            <div class=\"client_logo_block\">\n                        <figure>\n                <img decoding=\"async\" src=\"https:\/\/www.no1sports.com\/wp-content\/uploads\/2020\/11\/Norrona.png\">\n                <\/figure>\n                <!-- $sub_value = get_sub_field('sub_field'); -->\n                        <figure>\n                <img decoding=\"async\" src=\"https:\/\/www.no1sports.com\/wp-content\/uploads\/2024\/10\/3.-Mons_Secondary_Logo_Stacked_BLACK.png\">\n                <\/figure>\n                <!-- $sub_value = get_sub_field('sub_field'); -->\n                        <figure>\n                <img decoding=\"async\" src=\"https:\/\/www.no1sports.com\/wp-content\/uploads\/2020\/11\/Karitraa.png\">\n                <\/figure>\n                <!-- $sub_value = get_sub_field('sub_field'); -->\n                        <figure>\n                <img decoding=\"async\" src=\"https:\/\/www.no1sports.com\/wp-content\/uploads\/2024\/10\/cotopaxi-noir_.png\">\n                <\/figure>\n                <!-- $sub_value = get_sub_field('sub_field'); -->\n                        <figure>\n                <img decoding=\"async\" src=\"https:\/\/www.no1sports.com\/wp-content\/uploads\/2024\/10\/FACTION_BOXED_WHITE.png\">\n                <\/figure>\n                <!-- $sub_value = get_sub_field('sub_field'); -->\n                            \n                <!-- <figure>\n                <img decoding=\"async\" src=\"https:\/\/www.no1sports.com\/wp-content\/themes\/no%201\/assets\/images\/client_logo2.png\">\n                <\/figure>\n                <figure>\n                <img decoding=\"async\" src=\"https:\/\/www.no1sports.com\/wp-content\/themes\/no%201\/assets\/images\/client_logo3.png\">\n                <\/figure>\n                <figure>\n                <img decoding=\"async\" src=\"https:\/\/www.no1sports.com\/wp-content\/themes\/no%201\/assets\/images\/client_logo4.png\">\n                <\/figure>\n                <figure>\n                <img decoding=\"async\" src=\"https:\/\/www.no1sports.com\/wp-content\/themes\/no%201\/assets\/images\/client_logo5.png\">\n                <\/figure>\n                <figure>\n                <img decoding=\"async\" src=\"https:\/\/www.no1sports.com\/wp-content\/themes\/no%201\/assets\/images\/client_logo6.png\">\n                <\/figure>\n                <figure>\n                <img decoding=\"async\" src=\"https:\/\/www.no1sports.com\/wp-content\/themes\/no%201\/assets\/images\/client_logo7.png\">\n                <\/figure>\n                <figure>\n                <img decoding=\"async\" src=\"https:\/\/www.no1sports.com\/wp-content\/themes\/no%201\/assets\/images\/client_logo8.png\">\n                <\/figure> -->\n            <\/div>\n            <p class=\"bold\">et bien d\u2019autres marques<\/p>\n        <\/div>\n    <\/div>\n<\/section>\n\n<section class=\"background_img_section\">\n    <figure>\n        <img decoding=\"async\" src=\"https:\/\/www.no1sports.com\/wp-content\/uploads\/2020\/11\/background_img.jpg\">\n    <\/figure>\n    <\/section>\n    <!--- background img section ends -->\n    <!--- img btn section starts -->\n    <section class=\"img_btn_section\">\n    <div class=\"container-fluid\">\n        <div class=\"img_btn_holder\">\n            <div class=\"btn_block\">\n                <a href=\"https:\/\/www.no1sports.com\/fr\/boot-fitting-test-skis\/#ski_test_form_section\" class=\"btnAll\">R\u00e9servez un test de skis<\/a>\n            <\/div>\n            <figure>\n                <img decoding=\"async\" src=\"https:\/\/www.no1sports.com\/wp-content\/uploads\/2024\/12\/TERO_REPO-5931.jpg\">\n            <\/figure>\n        <\/div>\n    <\/div>\n<\/section>\n\n<section class=\"boot_fittings_section\" style=\"background-image: url(https:\/\/www.no1sports.com\/wp-content\/uploads\/2020\/12\/TERO_REPO_NO1-6560.jpg;\">\n    <div class=\"container-fluid\">\n        <div class=\"boot_fittings_content\">\n            <h2>Boot fitting pour trouver chaussure de skis \u00e0 son pied <\/h2>\n            <p>Gr\u00e2ce \u00e0 l\u2019exp\u00e9rience de nos experts, compl\u00e9t\u00e9e par la technologie 3D de Sidas, vous obtenez une chaussure de ski personnalis\u00e9e pour b\u00e9n\u00e9ficier du meilleur ratio entre confort et pr\u00e9cision.<\/p>\n            <div class=\"btn_block\">\n                <a href=\"https:\/\/www.no1sports.com\/fr\/boot-fitting-test-skis\/\" class=\"btnAll\">R\u00e9servez un boot fitting<\/a>\n            <\/div>\n        <\/div>\n    <\/div>\n<\/section>\n\n<!-- <section class=\"local_knowledge_section\">\n    <div class=\"container-fluid flexdiv\">\n        <figure>\n            <img decoding=\"async\" src=\"https:\/\/www.no1sports.com\/wp-content\/uploads\/2020\/12\/imgpsh_fullsize_anim.jpeg\">\n        <\/figure>\n        <div class=\"local_knowledge_content\">\n            <h2>Les bons plans, c\u2019est par ici<\/h2>\n            <div class=\"btn_block\">\n                <a href=\"https:\/\/www.no1sports.com\/fr\/local-tips\/\" class=\"btnAll\">D\u00e9couvrir nos bons plans<\/a> -->\n                <!-- <a href=\"https:\/\/www.no1sports.com\/\" class=\"btnAll\">S\u2019inscrire \u00e0 la newsletter <\/a> -->\n\n                <!-- <a href=\"#newsletter_form_popup\" class=\"btnAll\" data-fancybox>S\u2019inscrire \u00e0 la newsletter <\/a>\n            <\/div>\n        <\/div>\n    <\/div>\n<\/section> -->\n<section class=\"local_knowledge_new_section\">\n    <div class=\"figure_block\">\n        <figure>\n            <img decoding=\"async\" src=\"https:\/\/www.no1sports.com\/wp-content\/uploads\/2020\/12\/imgpsh_fullsize_anim.jpeg\">\n        <\/figure>\n        <figure>\n            <img decoding=\"async\" src=\"https:\/\/www.no1sports.com\/wp-content\/uploads\/2020\/12\/TERO_REPO_NO1-0412-scaled.jpg\">\n        <\/figure>\n    <\/div>\n    <div class=\"local_knowledge_new_content\">\n        <div class=\"container-fluid\">\n            <h2>Les bons plans, c\u2019est par ici<\/h2>\n            <p><p>D\u00e9couvrez les spots secrets du domaine skiable de Verbier, les conseils de pro, les nouveaut\u00e9s en magasin et nos adresses pr\u00e9f\u00e9r\u00e9es dans la station.<br \/>\nEn vous inscrivant \u00e0 notre newsletter, vous b\u00e9n\u00e9ficiez \u00e9galement d\u2019offres sp\u00e9ciales et de rabais.<\/p>\n<\/p>\n        <\/div>\n    <\/div>\n<\/section>\n\n<section class=\"boxed_section\">\n            <div class=\"container-fluid\">\n                           <div class=\"boxed_holder flexdiv\">\n               \n                  <figure>\n                     <!-- <img decoding=\"async\" src=\"https:\/\/www.no1sports.com\/wp-content\/uploads\/2020\/11\/boxed_img.jpg\"> -->\n                     <img decoding=\"async\" src=\"https:\/\/www.no1sports.com\/wp-content\/uploads\/2020\/11\/DSC_8925-scaled.jpg\">\n                  <\/figure>\n                  <div class=\"boxed_content\">\n                     <h5>Nos 5 astuces pour bien d\u00e9marrer la saison de ski\ufffc<\/h5>\n                     <p>9 novembre 2022<\/p>\n                     \n                     <p>Malgr\u00e9 des temp\u00e9ratures presque estivales ces derni\u00e8res semaines, chez No1 Sports Verbier, on s\u2019autorise d\u00e9j\u00e0 \u00e0 penser \u00e0 la saison de ski&nbsp;qui arrive ! Les premiers flocons ne devraient pas tarder \u00e0 tomber sur les 362 km de pistes de la station de Verbier\u2026 Et on vous propose de d\u00e9couvrir nos 5 astuces pour bien vous y pr\u00e9parer.&nbsp; 1) Rangez&#8230;<\/p>\n                     <div class=\"btn_block\">\n                        <a href=\"https:\/\/www.no1sports.com\/fr\/nos-5-astuces-pour-bien-demarrer-la-saison-de-ski%ef%bf%bc\/\" class=\"btnAll\">\n                                                            Lire l\u2019article\n                                                        \n                        <\/a>\n                     <\/div>\n                  <\/div>\n               <\/div>\n                              <div class=\"boxed_holder flexdiv\">\n               \n                  <figure>\n                     <!-- <img decoding=\"async\" src=\"https:\/\/www.no1sports.com\/wp-content\/uploads\/2020\/11\/boxed_img.jpg\"> -->\n                     <img decoding=\"async\" src=\"https:\/\/www.no1sports.com\/wp-content\/uploads\/2023\/11\/sebastian-staines-RdKtv4gvDJ8-unsplash-edited-scaled.jpg\">\n                  <\/figure>\n                  <div class=\"boxed_content\">\n                     <h5>La saison de ski commence \u00e0 Verbier\u2026 D\u00e9couvrez nos bons plans !<\/h5>\n                     <p>20 novembre 2023<\/p>\n                     \n                     <p>En plaine, il pleut et vous d\u00e9primez\u2026 Mais en montagne, il neige et on s\u2019\u00e9clate ! La saison de ski commence \u00e0 Verbier et vous \u00eates cordialement invit\u00e9s \u00e0 nous rejoindre sur les pistes. L\u2019\u00e9quipe de No1 Sports vous a m\u00eame concoct\u00e9 une petite liste des bons plans et activit\u00e9s \u00e0 ne pas manquer pour prendre un maximum de plaisir&#8230;<\/p>\n                     <div class=\"btn_block\">\n                        <a href=\"https:\/\/www.no1sports.com\/fr\/la-saison-de-ski-commence-a-verbier-decouvrez-nos-bons-plans\/\" class=\"btnAll\">\n                                                            Lire l\u2019article\n                                                        \n                        <\/a>\n                     <\/div>\n                  <\/div>\n               <\/div>\n                           <\/div>\n<\/section> \n<section class=\"btn_section\">\n <div class=\"container-fluid\">\n   <div class=\"btn_block\">\n      <a href=\"https:\/\/www.no1sports.com\/fr\/nos-bons-plans\/\" class=\"btnAll\">D\u00e9couvrir nos bons plans<\/a>\n      <a href=\"#newsletter_form_popup\" class=\"btnAll\" data-fancybox>S\u2019inscrire \u00e0 la newsletter <\/a>\n  <\/div>\n <\/div>\n<\/section>\n\n<!-- <section class=\"reason_noone_wrapper\">\n    <div class=\"inner_banner_panel\">\n    <div class=\"inner_overlay\">\n        <div class=\"blog_bg_noone_panel\">N\u00b01 FOR A REASON<\/div>\n    <\/div>\n    <img decoding=\"async\" src=\"https:\/\/www.no1sports.com\/wp-content\/uploads\/2020\/11\/ft_up_bg.jpg\" alt=\"Footer Up Banner\">\n    <\/div>\n<\/section> -->","protected":false},"excerpt":{"rendered":"","protected":false},"author":1,"featured_media":0,"parent":0,"menu_order":0,"comment_status":"closed","ping_status":"closed","template":"homepage.php","meta":{"_acf_changed":false,"footnotes":""},"class_list":["post-1046","page","type-page","status-publish","hentry"],"acf":[],"yoast_head":"<!-- This site is optimized with the Yoast SEO plugin v27.4 - https:\/\/yoast.com\/product\/yoast-seo-wordpress\/ -->\n<title>Location de skis et magasin de Sports \u00e0 Verbier - No1 Sports<\/title>\n<meta name=\"description\" content=\"D\u00e9couvrez notre magasin de sports au pied des remont\u00e9es m\u00e9caniques \u00e0 Verbier. Testez, louez ou achetez votre \u00e9quipement pour tous les styles de glisse.\" \/>\n<meta name=\"robots\" content=\"index, follow, max-snippet:-1, max-image-preview:large, max-video-preview:-1\" \/>\n<link rel=\"canonical\" href=\"https:\/\/www.no1sports.com\/fr\/\" \/>\n<meta property=\"og:locale\" content=\"fr_FR\" \/>\n<meta property=\"og:type\" content=\"article\" \/>\n<meta property=\"og:title\" content=\"Location de skis et magasin de Sports \u00e0 Verbier - No1 Sports\" \/>\n<meta property=\"og:description\" content=\"D\u00e9couvrez notre magasin de sports au pied des remont\u00e9es m\u00e9caniques \u00e0 Verbier. Testez, louez ou achetez votre \u00e9quipement pour tous les styles de glisse.\" \/>\n<meta property=\"og:url\" content=\"https:\/\/www.no1sports.com\/fr\/\" \/>\n<meta property=\"og:site_name\" content=\"No1 Sports Verbier\" \/>\n<meta property=\"article:modified_time\" content=\"2025-10-07T14:31:28+00:00\" \/>\n<meta name=\"twitter:card\" content=\"summary_large_image\" \/>\n<script type=\"application\/ld+json\" class=\"yoast-schema-graph\">{\"@context\":\"https:\\\/\\\/schema.org\",\"@graph\":[{\"@type\":\"WebPage\",\"@id\":\"https:\\\/\\\/www.no1sports.com\\\/fr\\\/\",\"url\":\"https:\\\/\\\/www.no1sports.com\\\/fr\\\/\",\"name\":\"Location de skis et magasin de Sports \u00e0 Verbier - No1 Sports\",\"isPartOf\":{\"@id\":\"https:\\\/\\\/www.no1sports.com\\\/#website\"},\"datePublished\":\"2020-11-23T05:41:27+00:00\",\"dateModified\":\"2025-10-07T14:31:28+00:00\",\"description\":\"D\u00e9couvrez notre magasin de sports au pied des remont\u00e9es m\u00e9caniques \u00e0 Verbier. Testez, louez ou achetez votre \u00e9quipement pour tous les styles de glisse.\",\"breadcrumb\":{\"@id\":\"https:\\\/\\\/www.no1sports.com\\\/fr\\\/#breadcrumb\"},\"inLanguage\":\"fr-FR\",\"potentialAction\":[{\"@type\":\"ReadAction\",\"target\":[\"https:\\\/\\\/www.no1sports.com\\\/fr\\\/\"]}]},{\"@type\":\"BreadcrumbList\",\"@id\":\"https:\\\/\\\/www.no1sports.com\\\/fr\\\/#breadcrumb\",\"itemListElement\":[{\"@type\":\"ListItem\",\"position\":1,\"name\":\"Home\",\"item\":\"https:\\\/\\\/www.no1sports.com\\\/fr\\\/\"},{\"@type\":\"ListItem\",\"position\":2,\"name\":\"Accueil\"}]},{\"@type\":\"WebSite\",\"@id\":\"https:\\\/\\\/www.no1sports.com\\\/#website\",\"url\":\"https:\\\/\\\/www.no1sports.com\\\/\",\"name\":\"No1 Sports Verbier\",\"description\":\"La location pro, rapide et efficace \u00e0 Verbier\",\"potentialAction\":[{\"@type\":\"SearchAction\",\"target\":{\"@type\":\"EntryPoint\",\"urlTemplate\":\"https:\\\/\\\/www.no1sports.com\\\/?s={search_term_string}\"},\"query-input\":{\"@type\":\"PropertyValueSpecification\",\"valueRequired\":true,\"valueName\":\"search_term_string\"}}],\"inLanguage\":\"fr-FR\"}]}<\/script>\n<!-- \/ Yoast SEO plugin. -->","yoast_head_json":{"title":"Location de skis et magasin de Sports \u00e0 Verbier - No1 Sports","description":"D\u00e9couvrez notre magasin de sports au pied des remont\u00e9es m\u00e9caniques \u00e0 Verbier. Testez, louez ou achetez votre \u00e9quipement pour tous les styles de glisse.","robots":{"index":"index","follow":"follow","max-snippet":"max-snippet:-1","max-image-preview":"max-image-preview:large","max-video-preview":"max-video-preview:-1"},"canonical":"https:\/\/www.no1sports.com\/fr\/","og_locale":"fr_FR","og_type":"article","og_title":"Location de skis et magasin de Sports \u00e0 Verbier - No1 Sports","og_description":"D\u00e9couvrez notre magasin de sports au pied des remont\u00e9es m\u00e9caniques \u00e0 Verbier. Testez, louez ou achetez votre \u00e9quipement pour tous les styles de glisse.","og_url":"https:\/\/www.no1sports.com\/fr\/","og_site_name":"No1 Sports Verbier","article_modified_time":"2025-10-07T14:31:28+00:00","twitter_card":"summary_large_image","schema":{"@context":"https:\/\/schema.org","@graph":[{"@type":"WebPage","@id":"https:\/\/www.no1sports.com\/fr\/","url":"https:\/\/www.no1sports.com\/fr\/","name":"Location de skis et magasin de Sports \u00e0 Verbier - No1 Sports","isPartOf":{"@id":"https:\/\/www.no1sports.com\/#website"},"datePublished":"2020-11-23T05:41:27+00:00","dateModified":"2025-10-07T14:31:28+00:00","description":"D\u00e9couvrez notre magasin de sports au pied des remont\u00e9es m\u00e9caniques \u00e0 Verbier. Testez, louez ou achetez votre \u00e9quipement pour tous les styles de glisse.","breadcrumb":{"@id":"https:\/\/www.no1sports.com\/fr\/#breadcrumb"},"inLanguage":"fr-FR","potentialAction":[{"@type":"ReadAction","target":["https:\/\/www.no1sports.com\/fr\/"]}]},{"@type":"BreadcrumbList","@id":"https:\/\/www.no1sports.com\/fr\/#breadcrumb","itemListElement":[{"@type":"ListItem","position":1,"name":"Home","item":"https:\/\/www.no1sports.com\/fr\/"},{"@type":"ListItem","position":2,"name":"Accueil"}]},{"@type":"WebSite","@id":"https:\/\/www.no1sports.com\/#website","url":"https:\/\/www.no1sports.com\/","name":"No1 Sports Verbier","description":"La location pro, rapide et efficace \u00e0 Verbier","potentialAction":[{"@type":"SearchAction","target":{"@type":"EntryPoint","urlTemplate":"https:\/\/www.no1sports.com\/?s={search_term_string}"},"query-input":{"@type":"PropertyValueSpecification","valueRequired":true,"valueName":"search_term_string"}}],"inLanguage":"fr-FR"}]}},"_links":{"self":[{"href":"https:\/\/www.no1sports.com\/fr\/wp-json\/wp\/v2\/pages\/1046","targetHints":{"allow":["GET"]}}],"collection":[{"href":"https:\/\/www.no1sports.com\/fr\/wp-json\/wp\/v2\/pages"}],"about":[{"href":"https:\/\/www.no1sports.com\/fr\/wp-json\/wp\/v2\/types\/page"}],"author":[{"embeddable":true,"href":"https:\/\/www.no1sports.com\/fr\/wp-json\/wp\/v2\/users\/1"}],"replies":[{"embeddable":true,"href":"https:\/\/www.no1sports.com\/fr\/wp-json\/wp\/v2\/comments?post=1046"}],"version-history":[{"count":126,"href":"https:\/\/www.no1sports.com\/fr\/wp-json\/wp\/v2\/pages\/1046\/revisions"}],"predecessor-version":[{"id":4149,"href":"https:\/\/www.no1sports.com\/fr\/wp-json\/wp\/v2\/pages\/1046\/revisions\/4149"}],"wp:attachment":[{"href":"https:\/\/www.no1sports.com\/fr\/wp-json\/wp\/v2\/media?parent=1046"}],"curies":[{"name":"wp","href":"https:\/\/api.w.org\/{rel}","templated":true}]}}