{"id":648,"date":"2020-11-13T07:21:12","date_gmt":"2020-11-13T07:21:12","guid":{"rendered":"http:\/\/k47gkahgiu.preview.infomaniak.website\/contact\/"},"modified":"2022-07-14T12:58:52","modified_gmt":"2022-07-14T12:58:52","slug":"contact","status":"publish","type":"page","link":"https:\/\/www.no1sports.com\/fr\/contact\/","title":{"rendered":"Contact"},"content":{"rendered":"<section class=\"contact_page_banner\">\n    <div class=\"contact_page_banner_in\">\n        <figure class=\"contact_page_banner_img\">\n            <img decoding=\"async\" src=\"https:\/\/www.no1sports.com\/wp-content\/uploads\/2020\/11\/local-tips-14.jpg\" class=\"img-responsive\" alt=\"banner\">     \n        <\/figure>\n        <div class=\"contact_page_banner_holder\">\n            <div class=\"container-fluid\">\n                <div class=\"contact_page_banner_left\">\n                <figure>\n                    <img decoding=\"async\" src=\"https:\/\/www.no1sports.com\/wp-content\/uploads\/2020\/11\/banner_left_img1.jpg\" alt=\"ice-img\">\n                <\/figure>\n                <div class=\"contact_page_banner_details\">\n                    <h1>Appelez-nous,<br>envoyez-nous un message,<br>venez nous rendre visite !<\/h1>\n                    <p>Notre credo est de vous offrir un service professionnel et un mat\u00e9riel de haute qualit\u00e9 dans une ambiance d\u00e9tendue et conviviale. Faisons connaissance\u00a0!<\/p>\n                <\/div>\n                <\/div>\n            <\/div>\n        <\/div>\n    <\/div>\n<\/section>\n\n<section class=\"contact_main_section\">\n            <div class=\"container_contact\">\n               <div class=\"container_contact_left\">\n                    <h1>\n                                                    <!-- Num\u00e9ro de t\u00e9l\u00e9phone -->\n                        \n                        Num\u00e9ro de t\u00e9l\u00e9phone\t                    \n                    <\/h1>\n               <\/div>\n               <div class=\"container_contact_right\">\n                  <h1>+41 27 771 66 67<\/h1>\n               <\/div>\n            <\/div>\n            <div class=\"container_contact\">\n               <div class=\"container_contact_left\">\n                    <h1>\n                                                    <!-- Adresse -->\n                                                Adresse                    <\/h1>\n               <\/div>\n               <div class=\"container_contact_right\">\n                  <h1>No1 Sports<br\/>Rue du M\u00e9dran 27<br\/>CP 272<br\/>1936 Verbier<br\/>Suisse<\/h1>\n               <\/div>\n            <\/div>\n            <div class=\"container_contact\">\n               <div class=\"container_contact_left\">\n                  <!-- <h1>Winter Hours<br\/>1 november - 30 april<br\/>Open 7 days \/ week<\/h1> -->\n                                            <!-- <h1>Horaires en hiver<br\/>1er novembre au 30 avril<br\/>Ouvert 7 jours\/7<\/h1> -->\n                                        <h1> Horaires en hiver <br>1er novembre au 30 avril<br>Ouvert 7 jours\/7<\/h1>\n                    \n               <\/div>\n               <div class=\"container_contact_right\">\n                  <h1>08h30 &#8211; 19h00<\/h1>\n               <\/div>\n            <\/div>\n            <div class=\"container_contact\">\n               <div class=\"container_contact_left\">\n                  <!-- <h1>Summer Hours<br\/>15 juin - 30 october<br\/>Open Tuesday to Sunday<\/h1> -->\n                                          <!-- <h1>Horaires en \u00e9t\u00e9<br\/>15 juin au 30 octobre<br\/>Ouvert du mardi ou dimanche<\/h1> -->\n                                        <h1>Horaires en \u00e9t\u00e9 <br>15 juin au 15 septembre <br>Ouvert 7 jours\/7<\/h1>\n                    \n               <\/div>\n               <div class=\"container_contact_right\">\n                  <h1>09h00 &#8211; 12h00<br\/>14h00 &#8211; 18h00<\/h1>\n               <\/div>\n            <\/div>\n         <\/section>\n\n<style>\n.screen-reader-response{display:none;}\n<\/style>\n<section class=\"contact_form_main\" style=\"background-image: url(https:\/\/www.no1sports.com\/wp-content\/uploads\/2020\/11\/contact-bg-1.jpg);\">\n               <div class=\"contact_form_block\">\n                  <!-- <form class=\"nb_1_form\">\n                     <div class=\"row\">\n                        <div class=\"col-md-6\">\n                           <div class=\"form-group\">\n                              <input type=\"text\" class=\"form-control\" placeholder=\"First Name\"\/>\n                           <\/div>\n                        <\/div>\n                        <div class=\"col-md-6\">\n                           <div class=\"form-group\">\n                              <input type=\"text\" class=\"form-control\" placeholder=\"Name\"\/>\n                           <\/div>\n                        <\/div>\n                     <\/div>\n                     <div class=\"row\">\n                        <div class=\"col-md-6\">\n                           <div class=\"form-group\">\n                              <input type=\"text\" class=\"form-control\" placeholder=\"Phone Number\"\/>\n                           <\/div>\n                        <\/div>\n                        <div class=\"col-md-6\">\n                           <div class=\"form-group\">\n                              <input type=\"email\" class=\"form-control\" placeholder=\"E-mail\"\/>\n                           <\/div>\n                        <\/div>\n                     <\/div>\n                     <div class=\"row\">\n                        <div class=\"col-md-12\">\n                           <div class=\"form-group\">\n                              <textarea class=\"form-control textarea\" placeholder=\"Message\"><\/textarea>\n                           <\/div>\n                        <\/div>\n                     <\/div>\n                     <div class=\"btn_block right\">\n                        <input type=\"submit\" value=\"SEND\" class=\"btnAll\">\n                        <input type=\"submit\" value=\"or give us a call\" class=\"btnAll\">\n                     <\/div>   \n                  <\/form> -->\n                  <div class=\"row nb_1_form\">\n                    \n<div class=\"wpcf7 no-js\" id=\"wpcf7-f985-o1\" lang=\"fr-FR\" dir=\"ltr\" data-wpcf7-id=\"985\">\n<div class=\"screen-reader-response\"><p role=\"status\" aria-live=\"polite\" aria-atomic=\"true\"><\/p> <ul><\/ul><\/div>\n<form action=\"\/fr\/wp-json\/wp\/v2\/pages\/648#wpcf7-f985-o1\" method=\"post\" class=\"wpcf7-form init\" aria-label=\"Formulaire de contact\" novalidate=\"novalidate\" data-status=\"init\">\n<fieldset class=\"hidden-fields-container\"><input type=\"hidden\" name=\"_wpcf7\" value=\"985\" \/><input type=\"hidden\" name=\"_wpcf7_version\" value=\"6.1.5\" \/><input type=\"hidden\" name=\"_wpcf7_locale\" value=\"fr_FR\" \/><input type=\"hidden\" name=\"_wpcf7_unit_tag\" value=\"wpcf7-f985-o1\" \/><input type=\"hidden\" name=\"_wpcf7_container_post\" value=\"0\" \/><input type=\"hidden\" name=\"_wpcf7_posted_data_hash\" value=\"\" \/><input type=\"hidden\" name=\"_wpcf7_recaptcha_response\" value=\"\" \/>\n<\/fieldset>\n<div class=\"row\">\n\t<div class=\"col-md-6\" style=\"max-width:unset;\">\n\t\t<div class=\"form-group\">\n\t\t\t<p><span class=\"wpcf7-form-control-wrap\" data-name=\"your-f-name\"><input size=\"40\" maxlength=\"400\" class=\"wpcf7-form-control wpcf7-text wpcf7-validates-as-required form-control\" aria-required=\"true\" aria-invalid=\"false\" placeholder=\"Pr\u00e9nom\" value=\"\" type=\"text\" name=\"your-f-name\" \/><\/span>\n\t\t\t<\/p>\n\t\t<\/div>\n\t<\/div>\n\t<div class=\"col-md-6\" style=\"max-width:unset;\">\n\t\t<div class=\"form-group\">\n\t\t\t<p><span class=\"wpcf7-form-control-wrap\" data-name=\"your-l-name\"><input size=\"40\" maxlength=\"400\" class=\"wpcf7-form-control wpcf7-text wpcf7-validates-as-required form-control\" aria-required=\"true\" aria-invalid=\"false\" placeholder=\"nom\" value=\"\" type=\"text\" name=\"your-l-name\" \/><\/span>\n\t\t\t<\/p>\n\t\t<\/div>\n\t<\/div>\n\t<div class=\"col-md-6\" style=\"max-width:unset;\">\n\t\t<div class=\"form-group\">\n\t\t\t<p><span class=\"wpcf7-form-control-wrap\" data-name=\"your-phone\"><input size=\"40\" maxlength=\"400\" class=\"wpcf7-form-control wpcf7-text wpcf7-validates-as-required form-control\" aria-required=\"true\" aria-invalid=\"false\" placeholder=\"Num\u00e9ro de t\u00e9l\u00e9phone\" value=\"\" type=\"text\" name=\"your-phone\" \/><\/span>\n\t\t\t<\/p>\n\t\t<\/div>\n\t<\/div>\n\t<div class=\"col-md-6\" style=\"max-width:unset;\">\n\t\t<div class=\"form-group\">\n\t\t\t<p><span class=\"wpcf7-form-control-wrap\" data-name=\"your-email\"><input size=\"40\" maxlength=\"400\" class=\"wpcf7-form-control wpcf7-email wpcf7-validates-as-required wpcf7-text wpcf7-validates-as-email form-control\" aria-required=\"true\" aria-invalid=\"false\" placeholder=\"Email\" value=\"\" type=\"email\" name=\"your-email\" \/><\/span>\n\t\t\t<\/p>\n\t\t<\/div>\n\t<\/div>\n<\/div>\n<div class=\"row\">\n\t<div class=\"col-md-12\" style=\"max-width:unset;\">\n\t\t<div class=\"form-group\">\n\t\t\t<p><span class=\"wpcf7-form-control-wrap\" data-name=\"your-message\"><textarea cols=\"40\" rows=\"10\" maxlength=\"2000\" class=\"wpcf7-form-control wpcf7-textarea form-control textarea\" aria-invalid=\"false\" placeholder=\"Message\" name=\"your-message\"><\/textarea><\/span>\n\t\t\t<\/p>\n\t\t<\/div>\n\t<\/div>\n<\/div>\n<div class=\"is-phone-callback\">\n\t<p><span class=\"wpcf7-form-control-wrap\" data-name=\"is-phone-callback\"><input size=\"40\" maxlength=\"400\" class=\"wpcf7-form-control wpcf7-text wpcf7-validates-as-required btn-call-hidden\" aria-required=\"true\" aria-invalid=\"false\" value=\"NO\" type=\"text\" name=\"is-phone-callback\" \/><\/span>\n\t<\/p>\n<\/div>\n<div class=\"btn_block right\">\n\t<p><input class=\"wpcf7-form-control wpcf7-submit has-spinner btnAll\" type=\"submit\" value=\"Envoyer\" \/><a href=\"javascript:void(0);\" class=\"btnAll callBtn\">Envoyer + me rappeler<\/a>\n\t<\/p>\n<\/div><div class=\"wpcf7-response-output\" aria-hidden=\"true\"><\/div>\n<\/form>\n<\/div>\n\n                  <\/div>\n                  \n               <\/div>\n         <\/section>\n\n<div class=\"map\">\n    <iframe loading=\"lazy\" src=\"https:\/\/www.google.com\/maps\/embed?pb=!1m18!1m12!1m3!1d2766.8405565815697!2d7.230514115483304!3d46.09415549920817!2m3!1f0!2f0!3f0!3m2!1i1024!2i768!4f13.1!3m3!1m2!1s0x478ece4b2d9dd4cf%3A0xa712f142cf04740e!2sNo%201%20Ski%20Rental%20Astoria%20SA!5e0!3m2!1sen!2sin!4v1603192526528!5m2!1sen!2sin\" width=\"100%\" height=\"600\" frameborder=\"0\" style=\"border:0;\" allowfullscreen=\"\" aria-hidden=\"false\" tabindex=\"0\"><\/iframe>\n<\/div>","protected":false},"excerpt":{"rendered":"","protected":false},"author":1,"featured_media":0,"parent":0,"menu_order":0,"comment_status":"closed","ping_status":"closed","template":"contact.php","meta":{"_acf_changed":false,"footnotes":""},"class_list":["post-648","page","type-page","status-publish","hentry"],"acf":[],"yoast_head":"<!-- This site is optimized with the Yoast SEO plugin v27.5 - https:\/\/yoast.com\/product\/yoast-seo-wordpress\/ -->\n<title>Contact - No1 Sports Verbier Contact No1 Sports<\/title>\n<meta name=\"description\" content=\"Envoyez-nous un message ou venez en magasin pour partager votre passion de la glisse avec notre \u00e9quipe aussi enthousiaste qu&#039;experte\" \/>\n<meta name=\"robots\" content=\"index, follow, max-snippet:-1, max-image-preview:large, max-video-preview:-1\" \/>\n<link rel=\"canonical\" href=\"https:\/\/www.no1sports.com\/fr\/contact\/\" \/>\n<meta property=\"og:locale\" content=\"fr_FR\" \/>\n<meta property=\"og:type\" content=\"article\" \/>\n<meta property=\"og:title\" content=\"Contact - No1 Sports Verbier Contact No1 Sports\" \/>\n<meta property=\"og:description\" content=\"Envoyez-nous un message ou venez en magasin pour partager votre passion de la glisse avec notre \u00e9quipe aussi enthousiaste qu&#039;experte\" \/>\n<meta property=\"og:url\" content=\"https:\/\/www.no1sports.com\/fr\/contact\/\" \/>\n<meta property=\"og:site_name\" content=\"No1 Sports Verbier\" \/>\n<meta property=\"article:modified_time\" content=\"2022-07-14T12:58:52+00:00\" \/>\n<meta name=\"twitter:card\" content=\"summary_large_image\" \/>\n<script type=\"application\/ld+json\" class=\"yoast-schema-graph\">{\"@context\":\"https:\\\/\\\/schema.org\",\"@graph\":[{\"@type\":\"WebPage\",\"@id\":\"https:\\\/\\\/www.no1sports.com\\\/fr\\\/contact\\\/\",\"url\":\"https:\\\/\\\/www.no1sports.com\\\/fr\\\/contact\\\/\",\"name\":\"Contact - No1 Sports Verbier Contact No1 Sports\",\"isPartOf\":{\"@id\":\"https:\\\/\\\/www.no1sports.com\\\/#website\"},\"datePublished\":\"2020-11-13T07:21:12+00:00\",\"dateModified\":\"2022-07-14T12:58:52+00:00\",\"description\":\"Envoyez-nous un message ou venez en magasin pour partager votre passion de la glisse avec notre \u00e9quipe aussi enthousiaste qu'experte\",\"breadcrumb\":{\"@id\":\"https:\\\/\\\/www.no1sports.com\\\/fr\\\/contact\\\/#breadcrumb\"},\"inLanguage\":\"fr-FR\",\"potentialAction\":[{\"@type\":\"ReadAction\",\"target\":[\"https:\\\/\\\/www.no1sports.com\\\/fr\\\/contact\\\/\"]}]},{\"@type\":\"BreadcrumbList\",\"@id\":\"https:\\\/\\\/www.no1sports.com\\\/fr\\\/contact\\\/#breadcrumb\",\"itemListElement\":[{\"@type\":\"ListItem\",\"position\":1,\"name\":\"Home\",\"item\":\"https:\\\/\\\/www.no1sports.com\\\/fr\\\/\"},{\"@type\":\"ListItem\",\"position\":2,\"name\":\"Contact\"}]},{\"@type\":\"WebSite\",\"@id\":\"https:\\\/\\\/www.no1sports.com\\\/#website\",\"url\":\"https:\\\/\\\/www.no1sports.com\\\/\",\"name\":\"No1 Sports Verbier\",\"description\":\"La location pro, rapide et efficace \u00e0 Verbier\",\"potentialAction\":[{\"@type\":\"SearchAction\",\"target\":{\"@type\":\"EntryPoint\",\"urlTemplate\":\"https:\\\/\\\/www.no1sports.com\\\/?s={search_term_string}\"},\"query-input\":{\"@type\":\"PropertyValueSpecification\",\"valueRequired\":true,\"valueName\":\"search_term_string\"}}],\"inLanguage\":\"fr-FR\"}]}<\/script>\n<!-- \/ Yoast SEO plugin. -->","yoast_head_json":{"title":"Contact - No1 Sports Verbier Contact No1 Sports","description":"Envoyez-nous un message ou venez en magasin pour partager votre passion de la glisse avec notre \u00e9quipe aussi enthousiaste qu'experte","robots":{"index":"index","follow":"follow","max-snippet":"max-snippet:-1","max-image-preview":"max-image-preview:large","max-video-preview":"max-video-preview:-1"},"canonical":"https:\/\/www.no1sports.com\/fr\/contact\/","og_locale":"fr_FR","og_type":"article","og_title":"Contact - No1 Sports Verbier Contact No1 Sports","og_description":"Envoyez-nous un message ou venez en magasin pour partager votre passion de la glisse avec notre \u00e9quipe aussi enthousiaste qu'experte","og_url":"https:\/\/www.no1sports.com\/fr\/contact\/","og_site_name":"No1 Sports Verbier","article_modified_time":"2022-07-14T12:58:52+00:00","twitter_card":"summary_large_image","schema":{"@context":"https:\/\/schema.org","@graph":[{"@type":"WebPage","@id":"https:\/\/www.no1sports.com\/fr\/contact\/","url":"https:\/\/www.no1sports.com\/fr\/contact\/","name":"Contact - No1 Sports Verbier Contact No1 Sports","isPartOf":{"@id":"https:\/\/www.no1sports.com\/#website"},"datePublished":"2020-11-13T07:21:12+00:00","dateModified":"2022-07-14T12:58:52+00:00","description":"Envoyez-nous un message ou venez en magasin pour partager votre passion de la glisse avec notre \u00e9quipe aussi enthousiaste qu'experte","breadcrumb":{"@id":"https:\/\/www.no1sports.com\/fr\/contact\/#breadcrumb"},"inLanguage":"fr-FR","potentialAction":[{"@type":"ReadAction","target":["https:\/\/www.no1sports.com\/fr\/contact\/"]}]},{"@type":"BreadcrumbList","@id":"https:\/\/www.no1sports.com\/fr\/contact\/#breadcrumb","itemListElement":[{"@type":"ListItem","position":1,"name":"Home","item":"https:\/\/www.no1sports.com\/fr\/"},{"@type":"ListItem","position":2,"name":"Contact"}]},{"@type":"WebSite","@id":"https:\/\/www.no1sports.com\/#website","url":"https:\/\/www.no1sports.com\/","name":"No1 Sports Verbier","description":"La location pro, rapide et efficace \u00e0 Verbier","potentialAction":[{"@type":"SearchAction","target":{"@type":"EntryPoint","urlTemplate":"https:\/\/www.no1sports.com\/?s={search_term_string}"},"query-input":{"@type":"PropertyValueSpecification","valueRequired":true,"valueName":"search_term_string"}}],"inLanguage":"fr-FR"}]}},"_links":{"self":[{"href":"https:\/\/www.no1sports.com\/fr\/wp-json\/wp\/v2\/pages\/648","targetHints":{"allow":["GET"]}}],"collection":[{"href":"https:\/\/www.no1sports.com\/fr\/wp-json\/wp\/v2\/pages"}],"about":[{"href":"https:\/\/www.no1sports.com\/fr\/wp-json\/wp\/v2\/types\/page"}],"author":[{"embeddable":true,"href":"https:\/\/www.no1sports.com\/fr\/wp-json\/wp\/v2\/users\/1"}],"replies":[{"embeddable":true,"href":"https:\/\/www.no1sports.com\/fr\/wp-json\/wp\/v2\/comments?post=648"}],"version-history":[{"count":39,"href":"https:\/\/www.no1sports.com\/fr\/wp-json\/wp\/v2\/pages\/648\/revisions"}],"predecessor-version":[{"id":3321,"href":"https:\/\/www.no1sports.com\/fr\/wp-json\/wp\/v2\/pages\/648\/revisions\/3321"}],"wp:attachment":[{"href":"https:\/\/www.no1sports.com\/fr\/wp-json\/wp\/v2\/media?parent=648"}],"curies":[{"name":"wp","href":"https:\/\/api.w.org\/{rel}","templated":true}]}}